{"id":29,"date":"2022-08-25T12:27:44","date_gmt":"2022-08-25T12:27:44","guid":{"rendered":"https:\/\/stockenhof.dbs-ag.ch\/?page_id=29"},"modified":"2023-04-22T15:32:27","modified_gmt":"2023-04-22T15:32:27","slug":"zugangskontrolle","status":"publish","type":"page","link":"https:\/\/stockenhof.dbs-ag.ch\/index.php\/zugangskontrolle\/","title":{"rendered":"Zugangskontrolle"},"content":{"rendered":"\n<p class=\"has-primary-color has-white-background-color has-text-color has-background\"><strong>Auf der Baustelle Stockenhof wird das WorkControl Badgesystem angewendet welches den Zutritt zur Baustelle regelt.<\/strong><br><\/p>\n\n\n\n<p class=\"has-black-color has-white-background-color has-text-color has-background\"><strong>Um auf der Baustelle arbeiten zu k\u00f6nnen, muss das Unternehmen und die beteiligten Mitarbeiter auf WORKCONTROL registriert, erfasst<br>und aktiv geschalten sein. <br>(Eine Hilfestellung zur Registration und Erfassung der Mitarbeiter finden Sie unter &#171;Unterlagen&#187;)<\/strong><\/p>\n\n\n\n<p class=\"has-white-background-color has-background\"><strong>WORKCONTROL Suisse AG<\/strong> &nbsp;&nbsp;&nbsp;&nbsp;&nbsp;&nbsp;&nbsp;&nbsp;&nbsp;&nbsp;&nbsp;&nbsp;&nbsp;&nbsp;&nbsp;&nbsp;&nbsp;&nbsp;&nbsp;&nbsp;&nbsp;&nbsp;&nbsp;&nbsp;&nbsp;&nbsp;&nbsp;&nbsp;&nbsp;&nbsp; &nbsp;<br>Bahnhofplatz 1, CH-3001 Bern&nbsp;&nbsp;&nbsp;&nbsp;&nbsp;&nbsp;&nbsp;&nbsp;&nbsp;&nbsp;&nbsp;&nbsp;&nbsp;&nbsp;&nbsp;&nbsp;&nbsp;&nbsp;&nbsp;&nbsp;&nbsp;&nbsp;&nbsp;&nbsp;&nbsp;&nbsp;&nbsp;&nbsp;&nbsp;&nbsp;&nbsp;&nbsp; <br><strong>Support: <a>+41 44 512 88 11<\/a>&nbsp;&nbsp;&nbsp;&nbsp;&nbsp;&nbsp;&nbsp;&nbsp;&nbsp;&nbsp;&nbsp;&nbsp;&nbsp;&nbsp;&nbsp;&nbsp;&nbsp;&nbsp;&nbsp;&nbsp;&nbsp;&nbsp;&nbsp;&nbsp;&nbsp;&nbsp;&nbsp;&nbsp;&nbsp;&nbsp;&nbsp;&nbsp;&nbsp;&nbsp;&nbsp;&nbsp;&nbsp; <\/strong><br><strong>support@workcontrol.ch&nbsp;&nbsp;&nbsp;&nbsp;&nbsp;&nbsp;&nbsp;&nbsp;&nbsp;&nbsp;&nbsp;&nbsp;&nbsp;&nbsp;&nbsp;&nbsp;&nbsp;&nbsp;&nbsp;&nbsp;&nbsp;&nbsp;&nbsp;&nbsp;&nbsp;&nbsp;&nbsp;&nbsp;&nbsp;&nbsp;&nbsp;&nbsp;&nbsp;&nbsp;&nbsp;&nbsp;&nbsp;&nbsp; <\/strong><br><strong>https:\/\/welcome.workcontrol.ch\/<\/strong><\/p>\n\n\n\n<p>In Ausnahmef\u00e4llen kann auch ein Alternativ-Verfahren, \u00fcbergangsweise, angewendet werden. <br>(Den Verweis finden Sie unter &#171;Unterlagen&#187;)<\/p>\n\n\n\n<p class=\"has-black-color has-white-background-color has-text-color has-background\"><strong>Fussg\u00e4nger k\u00f6nnen w\u00e4hrend den \u00d6ffnungszeiten die Baustelle beliebig durch das Drehkreuz betreten. <br>Fahrzeuge und Insassen werden mit mobilen Scanner erfasst.<\/strong><\/p>\n\n\n\n<p class=\"has-black-color has-white-background-color has-text-color has-background\"><\/p>\n\n\n\n<p class=\"has-black-color has-white-background-color has-text-color has-background\"><strong>Das Gel\u00e4nde ist 24 Stunden Video\u00fcberwacht.   <\/strong><\/p>\n","protected":false},"excerpt":{"rendered":"<p>Auf der Baustelle Stockenhof wird das WorkControl Badgesystem angewendet welches den Zutritt zur Baustelle regelt. Um auf der Baustelle arbeiten zu k\u00f6nnen, muss das Unternehmen und die beteiligten Mitarbeiter auf WORKCONTROL registriert, erfasstund aktiv geschalten sein. (Eine Hilfestellung zur Registration und Erfassung der Mitarbeiter finden Sie unter &#171;Unterlagen&#187;) WORKCONTROL Suisse AG &nbsp;&nbsp;&nbsp;&nbsp;&nbsp;&nbsp;&nbsp;&nbsp;&nbsp;&nbsp;&nbsp;&nbsp;&nbsp;&nbsp;&nbsp;&nbsp;&nbsp;&nbsp;&nbsp;&nbsp;&nbsp;&nbsp;&nbsp;&nbsp;&nbsp;&nbsp;&nbsp;&nbsp;&nbsp;&nbsp; &nbsp;Bahnhofplatz 1, CH-3001 Bern&nbsp;&nbsp;&nbsp;&nbsp;&nbsp;&nbsp;&nbsp;&nbsp;&nbsp;&nbsp;&nbsp;&nbsp;&nbsp;&nbsp;&nbsp;&nbsp;&nbsp;&nbsp;&nbsp;&nbsp;&nbsp;&nbsp;&nbsp;&nbsp;&nbsp;&nbsp;&nbsp;&nbsp;&nbsp;&nbsp;&nbsp;&nbsp; Support: +41 44 512 88 11&nbsp;&nbsp;&nbsp;&nbsp;&nbsp;&nbsp;&nbsp;&nbsp;&nbsp;&nbsp;&nbsp;&nbsp;&nbsp;&nbsp;&nbsp;&nbsp;&nbsp;&nbsp;&nbsp;&nbsp;&nbsp;&nbsp;&nbsp;&nbsp;&nbsp;&nbsp;&nbsp;&nbsp;&nbsp;&nbsp;&nbsp;&nbsp;&nbsp;&nbsp;&nbsp;&nbsp;&nbsp; support@workcontrol.ch&nbsp;&nbsp;&nbsp;&nbsp;&nbsp;&nbsp;&nbsp;&nbsp;&nbsp;&nbsp;&nbsp;&nbsp;&nbsp;&nbsp;&nbsp;&nbsp;&nbsp;&nbsp;&nbsp;&nbsp;&nbsp;&nbsp;&nbsp;&nbsp;&nbsp;&nbsp;&nbsp;&nbsp;&nbsp;&nbsp;&nbsp;&nbsp;&nbsp;&nbsp;&nbsp;&nbsp;&nbsp;&nbsp; https:\/\/welcome.workcontrol.ch\/ In Ausnahmef\u00e4llen kann auch ein Alternativ-Verfahren, \u00fcbergangsweise, angewendet werden. (Den Verweis finden Sie unter &#171;Unterlagen&#187;) Fussg\u00e4nger k\u00f6nnen w\u00e4hrend den \u00d6ffnungszeiten die Baustelle beliebig durch das Drehkreuz betreten. Fahrzeuge und Insassen werden mit mobilen Scanner erfasst. Das<\/p>\n","protected":false},"author":1,"featured_media":0,"parent":0,"menu_order":0,"comment_status":"closed","ping_status":"closed","template":"","meta":{"footnotes":""},"class_list":["post-29","page","type-page","status-publish","hentry"],"_links":{"self":[{"href":"https:\/\/stockenhof.dbs-ag.ch\/index.php\/wp-json\/wp\/v2\/pages\/29","targetHints":{"allow":["GET"]}}],"collection":[{"href":"https:\/\/stockenhof.dbs-ag.ch\/index.php\/wp-json\/wp\/v2\/pages"}],"about":[{"href":"https:\/\/stockenhof.dbs-ag.ch\/index.php\/wp-json\/wp\/v2\/types\/page"}],"author":[{"embeddable":true,"href":"https:\/\/stockenhof.dbs-ag.ch\/index.php\/wp-json\/wp\/v2\/users\/1"}],"replies":[{"embeddable":true,"href":"https:\/\/stockenhof.dbs-ag.ch\/index.php\/wp-json\/wp\/v2\/comments?post=29"}],"version-history":[{"count":9,"href":"https:\/\/stockenhof.dbs-ag.ch\/index.php\/wp-json\/wp\/v2\/pages\/29\/revisions"}],"predecessor-version":[{"id":184,"href":"https:\/\/stockenhof.dbs-ag.ch\/index.php\/wp-json\/wp\/v2\/pages\/29\/revisions\/184"}],"wp:attachment":[{"href":"https:\/\/stockenhof.dbs-ag.ch\/index.php\/wp-json\/wp\/v2\/media?parent=29"}],"curies":[{"name":"wp","href":"https:\/\/api.w.org\/{rel}","templated":true}]}}